{"id":749,"date":"2025-08-16T22:43:17","date_gmt":"2025-08-16T20:43:17","guid":{"rendered":"https:\/\/domantan.com\/?page_id=749"},"modified":"2025-08-19T08:35:05","modified_gmt":"2025-08-19T06:35:05","slug":"polityka-pryw","status":"publish","type":"page","link":"https:\/\/domantan.com\/en\/polityka-pryw\/","title":{"rendered":"Polityka prywatno\u015bci"},"content":{"rendered":"<div id=\"pl-749\"  class=\"panel-layout\" ><div id=\"pg-749-0\"  class=\"panel-grid panel-no-style\" ><div id=\"pgc-749-0-0\"  class=\"panel-grid-cell\" ><div id=\"panel-749-0-0-0\" class=\"so-panel widget widget_sow-editor panel-first-child panel-last-child\" data-index=\"0\" ><div class=\"panel-widget-style panel-widget-style-for-749-0-0-0\" ><div\n\t\t\t\n\t\t\tclass=\"so-widget-sow-editor so-widget-sow-editor-base\"\n\t\t\t\n\t\t>\n<div class=\"siteorigin-widget-tinymce textwidget\">\n\t<h4>Ochrona danych osobowych<\/h4>\n<p>Ochrona Pa\u0144stwa danych osobowych jest dla nas bardzo istotna. Dlatego d\u0105\u017cymy do zapewnienia Pa\u0144stwu bezpiecze\u0144stwa przetwarzania danych na najwy\u017cszym poziomie. Poni\u017cszy opis pomo\u017ce Pa\u0144stwu zrozumie\u0107, jakie zasady s\u0105 przestrzegane w zwi\u0105zku z wyst\u0119powaniem danych osobowych.<\/p>\n<h4>Dane osobowe<\/h4>\n<p>Witryna internetowa naszej firmy nie s\u0142u\u017cy zbieraniu jakichkolwiek danych osobowych (np. imienia i nazwiska, adresu pocztowego, numeru telefonu, adresu email) za wyj\u0105tkiem przypadk\u00f3w, w kt\u00f3rych Pa\u0144stwo sami wyra\u017c\u0105 na to zgod\u0119 (np. wype\u0142niaj\u0105c formularz rejestracyjny lub ankiet\u0119), b\u0105d\u017a w kt\u00f3rych pozwalaj\u0105 na to przepisy dotycz\u0105ce zbierania danych osobowych.<\/p>\n<h4>Administrator<\/h4>\n<p>Zgodnie z art. 13 ust. 1 Rozporz\u0105dzenia Parlamentu Europejskiego i Rady (UE) 2016\/679 z dnia 27 kwietnia 2016 roku w sprawie ochrony os\u00f3b fizycznych w zwi\u0105zku z przetwarzaniem danych osobowych i w sprawie swobodnego przep\u0142ywu takich danych oraz uchylenia dyrektywy 95\/46\/WE (zwane dalej: RODO) informujemy, i\u017c: administratorem danych osobowych jest INKOD GROUP, ul. Stanis\u0142awa Moniuszki 26A, 41-902 Bytom, wpisanym do Centralnej Ewidencji i Informacji o Dzia\u0142alno\u015bci Gospodarczej (CEIDG) \u2013 prowadzonej przez Ministra Przedsi\u0119biorczo\u015bci i Technologii pod nr NIP: PL6272703598, REGON: 241863987. ado@inkod.pl<\/p>\n<p>Zgodnie z prawem przys\u0142uguje Pa\u0144stwu prawo do uzyskania informacji o:<br \/>\na) danych rejestrowych Rejestratora,<br \/>\nb) celu i zakresie zbierania i przetwarzania danych Abonenta przez Registrara,<br \/>\nc) prawie wgl\u0105du do swoich danych i ich poprawiania,<br \/>\nd) uprawnieniach do \u017c\u0105dania zaprzestania przetwarzania danych oraz prawie wniesienia sprzeciwu wobec przetwarzania danych, wynikaj\u0105cych z ustawy o ochronie danych osobowych.<\/p>\n<h4>Cel wykorzystania<\/h4>\n<p>Dane osobowe kt\u00f3re zostaj\u0105 podane z Pa\u0144stwa strony w formularzach: kontaktowych, rejestracyjnych, ankietach, s\u0105 wykorzystywane w celach kontaktowych z Pa\u0144stwem, do realizacji zam\u00f3wienia lub innej czynno\u015bci kt\u00f3ra wynika z \u015bwiadomego podania nam Pa\u0144stwa danych osobowych oraz w wi\u0119kszo\u015bci przypadk\u00f3w do kontaktu z klientem w celach handlowych lub marketingowych. Pa\u0144stwa dane wykorzystywane s\u0105 w celach marketingowych oraz handlowych wy\u0142\u0105cznie w obr\u0119bie struktury naszej firmy i bez Pa\u0144stwa zgody nie maj\u0105 prawa zosta\u0107 przekazane poza ow\u0105 struktur\u0119.<\/p>\n<h4>Ograniczenie celu<\/h4>\n<p>INKOD GROUP zbiera, wykorzystuje i udost\u0119pnia dane osobowe podane przez Pa\u0144stwa w\u00a0sieci wy\u0142\u0105cznie w okre\u015blonym przez Pa\u0144stwa celu, chyba \u017ce ujawnienie tych danych jest konieczne:<\/p>\n<ul>\n<li>dla osi\u0105gni\u0119cia celu dodatkowego, bezpo\u015brednio zwi\u0105zanego z celem, w kt\u00f3rym dane zosta\u0142y pierwotnie udost\u0119pnione;<\/li>\n<li>do przygotowania, negocjowania i realizacji umowy z Pa\u0144stwem;<\/li>\n<li>ze wzgl\u0119d\u00f3w prawnych b\u0105d\u017a gdy wymagaj\u0105 tego uprawnione organa rz\u0105dowe lub s\u0105downicze;<\/li>\n<li>do postawienia aktu oskar\u017cenia b\u0105d\u017a przeprowadzenia obrony w procesie s\u0105dowym;<\/li>\n<li>by zapobiec oszustwu lub innym nielegalnym dzia\u0142aniom, takim jak zamierzone ataki na systemy informatyczne firmy.<\/li>\n<\/ul>\n<h4>Dane telekomunikacyjne i dane u\u017cytkownika<\/h4>\n<p>W wyniku korzystania przez Pa\u0144stwa z us\u0142ug telekomunikacyjnych podczas wizyt na naszej stronie internetowej, automatycznie wytwarzane s\u0105 dane telekomunikacyjne (np. adres IP) i\u00a0dane u\u017cytkownika (np. informacje o rozpocz\u0119ciu, zako\u0144czeniu i przebiegu ka\u017cdej sesji, a\u00a0tak\u017ce o us\u0142ugach telekomunikacyjnych wykorzystanych do uzyskania dost\u0119pu), kt\u00f3re mog\u0105 w\u00a0niekt\u00f3rych przypadkach by\u0107 powi\u0105zane z danymi osobowymi. Dane te b\u0119d\u0105 zbierane, przetwarzane i wykorzystywane tylko o tyle, o ile jest to konieczne, i zawsze w zgodzie z\u00a0obowi\u0105zuj\u0105cymi przepisami prawa.<\/p>\n<h4>Dane nieosobowe zbierane automatycznie<\/h4>\n<p>Gdy wchodz\u0105 Pa\u0144stwo na nasze witryny internetowe, mo\u017cemy automatycznie (tzn. nie w\u00a0drodze rejestracji) zbiera\u0107 dane nieosobowe (np. rodzaj wykorzystywanej przegl\u0105darki i\u00a0systemu operacyjnego, adres domeny strony witryny internetowej, z kt\u00f3rej przeszli Pa\u0144stwo na nasz\u0105 witryn\u0119, liczba odwiedzin, \u015bredni czas sp\u0119dzany na stronie, ogl\u0105dane strony). Mo\u017cemy wykorzystywa\u0107 te dane oraz przetwarza\u0107 wewn\u0105trz struktury Inkod Group.<\/p>\n<p><strong>Przetwarzanie danych osobowych klienta<\/strong><\/p>\n<ul>\n<li>Pa\u0144stwa dane osobowe b\u0119d\u0105 przechowywane przez okres trwania zawartej z INKOD umowy o \u015bwiadczenie us\u0142ug oferowanych przez INKOD, w zwi\u0105zku z kt\u00f3r\u0105 Pa\u0144stwa dane osobowe s\u0105 przetwarzane, a po tym okresie do dnia up\u0142ywu terminu przedawnienia roszcze\u0144 z tytu\u0142u zawartej z INKOD umowy o \u015bwiadczenie us\u0142ug. Natomiast Pa\u0144stwa dane osobowe utrwalone w dokumentacji ksi\u0119gowej b\u0119d\u0105 przechowywane przez okres wskazany w obowi\u0105zuj\u0105cych przepisach prawa, w tym przepisach podatkowych.<\/li>\n<li>Z zastrze\u017ceniem ogranicze\u0144 wynikaj\u0105cych z RODO i innych przepis\u00f3w prawa, posiadaj\u0105 Pa\u0144stwo prawo dost\u0119pu do tre\u015bci Swoich danych osobowych oraz prawo ich sprostowania, usuni\u0119cia, ograniczenia przetwarzania, prawo do przenoszenia danych osobowych, prawo wniesienia sprzeciwu, a tak\u017ce prawo do cofni\u0119cia zgody w dowolnym momencie je\u017celi przetwarzanie odbywa si\u0119 na podstawie wyra\u017conej przez Pa\u0144stwa zgody.<\/li>\n<\/ul>\n<h4>\u201eCookies\u201d \u2013 informacje automatycznie zachowywane na Pa\u0144stwa komputerze<\/h4>\n<p>Gdy przegl\u0105daj\u0105 Pa\u0144stwo kt\u00f3ry\u015b z naszych serwis\u00f3w, mo\u017cemy umieszcza\u0107 na Pa\u0144stwa komputerze pewne dane w postaci \u201ecookies\u201d \u2013 plik\u00f3w, kt\u00f3re pozwalaj\u0105 automatycznie rozpozna\u0107 Pa\u0144stwa komputer przy nast\u0119pnej wizycie. Pozwala to np. dostosowa\u0107 wygl\u0105d witryny do Pa\u0144stwa zainteresowa\u0144 albo zachowa\u0107 has\u0142o, by nie musieli go Pa\u0144stwo wpisywa\u0107 od\u00a0nowa za ka\u017cdym razem. Je\u015bli nie chc\u0105 Pa\u0144stwo otrzymywa\u0107 cookies, prosimy skonfigurowa\u0107 przegl\u0105dark\u0119 internetow\u0105 tak, by usuwa\u0142a tego typu pliki, blokowa\u0142a je, b\u0105d\u017a ka\u017cdorazowo ostrzega\u0142a przed ich zachowaniem.<\/p>\n<h4>Bezpiecze\u0144stwo<\/h4>\n<p>Aby chroni\u0107 Pa\u0144stwa dane osobowe przed przypadkowym lub nielegalnym zniszczeniem, zgubieniem b\u0105d\u017a zmian\u0105, tudzie\u017c przed nieuprawnionym ujawnieniem i dost\u0119pem, INKOD GROUP korzysta z technicznych i organizacyjnych \u015brodk\u00f3w bezpiecze\u0144stwa.<\/p>\n<h4>\u0141\u0105cza do innych witryn internetowych<\/h4>\n<p>Strony internetowe struktury INKOD GROUP zawieraj\u0105 \u0142\u0105cza do innych witryn internetowych. Nie ponosimy jednak odpowiedzialno\u015bci za stosowane przez te witryny praktyki w zakresie ochrony danych osobowych.<\/p>\n<\/div>\n<\/div><\/div><\/div><\/div><\/div><\/div>","protected":false},"excerpt":{"rendered":"<p>Ochrona danych osobowych Ochrona Pa\u0144stwa danych osobowych jest dla nas bardzo istotna. Dlatego d\u0105\u017cymy do zapewnienia Pa\u0144stwu bezpiecze\u0144stwa przetwarzania danych na najwy\u017cszym poziomie. Poni\u017cszy opis pomo\u017ce Pa\u0144stwu zrozumie\u0107, jakie zasady s\u0105 przestrzegane w zwi\u0105zku z wyst\u0119powaniem danych osobowych. Dane osobowe Witryna internetowa naszej firmy nie s\u0142u\u017cy zbieraniu jakichkolwiek danych osobowych (np. imienia i nazwiska, adresu [&hellip;]<\/p>\n","protected":false},"author":1,"featured_media":0,"parent":0,"menu_order":0,"comment_status":"closed","ping_status":"closed","template":"","meta":{"inline_featured_image":false,"footnotes":""},"class_list":["post-749","page","type-page","status-publish","hentry","post"],"_links":{"self":[{"href":"https:\/\/domantan.com\/en\/wp-json\/wp\/v2\/pages\/749","targetHints":{"allow":["GET"]}}],"collection":[{"href":"https:\/\/domantan.com\/en\/wp-json\/wp\/v2\/pages"}],"about":[{"href":"https:\/\/domantan.com\/en\/wp-json\/wp\/v2\/types\/page"}],"author":[{"embeddable":true,"href":"https:\/\/domantan.com\/en\/wp-json\/wp\/v2\/users\/1"}],"replies":[{"embeddable":true,"href":"https:\/\/domantan.com\/en\/wp-json\/wp\/v2\/comments?post=749"}],"version-history":[{"count":2,"href":"https:\/\/domantan.com\/en\/wp-json\/wp\/v2\/pages\/749\/revisions"}],"predecessor-version":[{"id":784,"href":"https:\/\/domantan.com\/en\/wp-json\/wp\/v2\/pages\/749\/revisions\/784"}],"wp:attachment":[{"href":"https:\/\/domantan.com\/en\/wp-json\/wp\/v2\/media?parent=749"}],"curies":[{"name":"wp","href":"https:\/\/api.w.org\/{rel}","templated":true}]}}